{"id":70,"date":"2022-12-17T07:44:19","date_gmt":"2022-12-17T06:44:19","guid":{"rendered":"https:\/\/neu.hemmedesign.de\/?page_id=70"},"modified":"2022-12-17T07:44:19","modified_gmt":"2022-12-17T06:44:19","slug":"impressum","status":"publish","type":"page","link":"https:\/\/neu.hemmedesign.de\/?page_id=70","title":{"rendered":"Impressum"},"content":{"rendered":"\n<p>Angaben gem\u00e4\u00df \u00a7 5 TMG:<br>hemme konzept+design<br>Friedensallee 62, 22765 Hamburg<\/p>\n\n\n\n<p>Mobil: +49 (0)171 2863762<br>hemme(at)hemmedesign.de<\/p>\n\n\n\n<p>Inhaltlich verantwortlich nach \u00a7 55 Abs. 2 RStV:<br>Ulrike Hemme (Anschrift siehe oben)<\/p>\n\n\n\n<p>Copyright: hemme konzept+design<br>Alle Rechte vorbehalten.<\/p>\n\n\n\n<p>Gestaltung der Website: hemme konzept+design<br>Beratung: ensign.de, Till Brehm<\/p>\n\n\n\n<p>Haftungshinweis: Es wird keine Gew\u00e4hr f\u00fcr die Aktualit\u00e4t, Richtigkeit und Vollst\u00e4ndigkeit der auf dieser Website bereitgestellten Informationen \u00fcbernommen. Gleiches gilt auch f\u00fcr die Inhalte externer Websites, auf die diese Seite verweist.<\/p>\n","protected":false},"excerpt":{"rendered":"<p>Angaben gem\u00e4\u00df \u00a7 5 TMG:hemme konzept+designFriedensallee 62, 22765 Hamburg Mobil: +49 (0)171 2863762hemme(at)hemmedesign.de Inhaltlich verantwortlich nach \u00a7 55 Abs. 2 RStV:Ulrike Hemme (Anschrift siehe oben) Copyright: hemme konzept+designAlle Rechte vorbehalten. Gestaltung der Website: hemme konzept+designBeratung: ensign.de, Till Brehm Haftungshinweis: Es wird keine Gew\u00e4hr f\u00fcr die Aktualit\u00e4t, Richtigkeit und Vollst\u00e4ndigkeit der auf dieser Website bereitgestellten Informationen&hellip;<\/p>\n","protected":false},"author":1,"featured_media":0,"parent":0,"menu_order":0,"comment_status":"closed","ping_status":"closed","template":"","meta":{"footnotes":""},"class_list":["post-70","page","type-page","status-publish","hentry"],"_links":{"self":[{"href":"https:\/\/neu.hemmedesign.de\/index.php?rest_route=\/wp\/v2\/pages\/70","targetHints":{"allow":["GET"]}}],"collection":[{"href":"https:\/\/neu.hemmedesign.de\/index.php?rest_route=\/wp\/v2\/pages"}],"about":[{"href":"https:\/\/neu.hemmedesign.de\/index.php?rest_route=\/wp\/v2\/types\/page"}],"author":[{"embeddable":true,"href":"https:\/\/neu.hemmedesign.de\/index.php?rest_route=\/wp\/v2\/users\/1"}],"replies":[{"embeddable":true,"href":"https:\/\/neu.hemmedesign.de\/index.php?rest_route=%2Fwp%2Fv2%2Fcomments&post=70"}],"version-history":[{"count":2,"href":"https:\/\/neu.hemmedesign.de\/index.php?rest_route=\/wp\/v2\/pages\/70\/revisions"}],"predecessor-version":[{"id":72,"href":"https:\/\/neu.hemmedesign.de\/index.php?rest_route=\/wp\/v2\/pages\/70\/revisions\/72"}],"wp:attachment":[{"href":"https:\/\/neu.hemmedesign.de\/index.php?rest_route=%2Fwp%2Fv2%2Fmedia&parent=70"}],"curies":[{"name":"wp","href":"https:\/\/api.w.org\/{rel}","templated":true}]}}