{"id":39,"date":"2022-11-30T11:01:25","date_gmt":"2022-11-30T10:01:25","guid":{"rendered":"https:\/\/neu.hemmedesign.de\/?page_id=39"},"modified":"2022-12-22T16:37:58","modified_gmt":"2022-12-22T15:37:58","slug":"startseite","status":"publish","type":"page","link":"https:\/\/neu.hemmedesign.de\/","title":{"rendered":"Ein herzliches Willkommen\u2026"},"content":{"rendered":"\n<p><em>\u2026 f\u00fcr Ihre kleinen und gro\u00dfen Projekte, f\u00fcr erste Skizzen zu Ihrer Gesch\u00e4ftsidee bis zur vielschichtigen Kommunikation Ihres Unternehmens.<\/em><\/p>\n\n\n\n<p>Mir ist wichtig, Ihren Zielen die passende Form und Optik zu verleihen, ob gedruckt oder digital. Gemeinsam mit Ihnen entwickle ich in einem konzentrierten Austausch die Strategie, die Sie und Ihr Unternehmen in seiner Einzigartigkeit zeigt, in der Ihre Kunden ihre W\u00fcnsche und Bed\u00fcrfnisse erf\u00fcllt sehen und sich angesprochen f\u00fchlen. <\/p>\n\n\n\n<p><em>Schwerpunkte meiner Arbeiten sind<\/em><br><strong>Editorial Design<\/strong><br>Kreative Magazingestaltung f\u00fcr Ihr Unternehmen und f\u00fcr Verlage.<br><strong>Corporate Design<\/strong><br>Kundenorientierte Gestaltung von Imagebrosch\u00fcren, Flyern und Mailings.<br>Beratung und zielgerichtete Konzeption f\u00fcr Ihren Firmenauftritt.<br>Individuelle Logoentwicklung und Entwicklung Ihres Erscheinungsbildes.<br>Termintreues Projektmanagement f\u00fcr komplexe Auftr\u00e4ge.<\/p>\n\n\n\n<p>Wenn Sie sich angesprochen f\u00fchlen, freue ich mich, Sie kennenzulernen. Allen, die mich schon kennen, danke ich f\u00fcr Ihr Vertrauen und freue mich auf die weitere Zusammenarbeit. Falls Sie neugierig geworden sind, sehen Sie sich gern auch in den Rubriken im Men\u00fc um.&nbsp;<\/p>\n\n\n\n<p><a href=\"https:\/\/hemmedesign.de\/?page_id=114\">Editorial Design<\/a><\/p>\n\n\n\n<figure class=\"wp-block-image size-large is-resized\"><img loading=\"lazy\" decoding=\"async\" src=\"https:\/\/neu.hemmedesign.de\/wp-content\/uploads\/2022\/12\/UKE-Life_Sommer2021-1024x350.png\" alt=\"\" class=\"wp-image-299\" width=\"650\" height=\"222\" srcset=\"https:\/\/neu.hemmedesign.de\/wp-content\/uploads\/2022\/12\/UKE-Life_Sommer2021-1024x350.png 1024w, https:\/\/neu.hemmedesign.de\/wp-content\/uploads\/2022\/12\/UKE-Life_Sommer2021-300x103.png 300w, https:\/\/neu.hemmedesign.de\/wp-content\/uploads\/2022\/12\/UKE-Life_Sommer2021-768x262.png 768w, https:\/\/neu.hemmedesign.de\/wp-content\/uploads\/2022\/12\/UKE-Life_Sommer2021-1080x369.png 1080w, https:\/\/neu.hemmedesign.de\/wp-content\/uploads\/2022\/12\/UKE-Life_Sommer2021.png 1358w\" sizes=\"auto, (max-width: 650px) 100vw, 650px\" \/><figcaption class=\"wp-element-caption\">Universit\u00e4tsklinikum Hamburg-Eppendorf, Patientenmagazin Life. Einstiegsseiten zum Thema Schlaganfall.  Fotos \u00a9 UKE\/Axel Kirchhof, Ronald Frommann<\/figcaption><\/figure>\n\n\n\n<p><a href=\"https:\/\/hemmedesign.de\/?page_id=113\">Mailings<\/a><\/p>\n\n\n\n<figure class=\"wp-block-image size-large\"><img loading=\"lazy\" decoding=\"async\" width=\"1024\" height=\"394\" src=\"https:\/\/neu.hemmedesign.de\/wp-content\/uploads\/2022\/12\/Post-Mailing-1-1024x394.png\" alt=\"\" class=\"wp-image-329\" srcset=\"https:\/\/neu.hemmedesign.de\/wp-content\/uploads\/2022\/12\/Post-Mailing-1-1024x394.png 1024w, https:\/\/neu.hemmedesign.de\/wp-content\/uploads\/2022\/12\/Post-Mailing-1-300x115.png 300w, https:\/\/neu.hemmedesign.de\/wp-content\/uploads\/2022\/12\/Post-Mailing-1-768x295.png 768w, https:\/\/neu.hemmedesign.de\/wp-content\/uploads\/2022\/12\/Post-Mailing-1-1080x415.png 1080w, https:\/\/neu.hemmedesign.de\/wp-content\/uploads\/2022\/12\/Post-Mailing-1.png 1181w\" sizes=\"auto, (max-width: 1024px) 100vw, 1024px\" \/><figcaption class=\"wp-element-caption\">Deutsche Post|Direktmarketing Center. Zweistufiges Mailing zur Pr\u00e4mierung der Gewinner eingereichter Mailingaktionen. Stufe 1: Teaser Flaschenpost, Stufe 2: Einladung. Foto \u00a9 Deutsche Post<\/figcaption><\/figure>\n\n\n\n<p>Infoflyer<\/p>\n\n\n\n<figure class=\"wp-block-image size-full is-resized\"><img loading=\"lazy\" decoding=\"async\" src=\"https:\/\/neu.hemmedesign.de\/wp-content\/uploads\/2022\/12\/Mineralien.png\" alt=\"\" class=\"wp-image-105\" width=\"493\" height=\"188\" srcset=\"https:\/\/neu.hemmedesign.de\/wp-content\/uploads\/2022\/12\/Mineralien-300x115.png 300w, https:\/\/neu.hemmedesign.de\/wp-content\/uploads\/2022\/12\/Mineralien-768x295.png 768w\" sizes=\"auto, (max-width: 493px) 100vw, 493px\" \/><figcaption class=\"wp-element-caption\">Hamburg Messe | mineralienmesse. Infoflyer f\u00fcr die Messebesucher. Fotos \u00a9 Hamburg Messe<\/figcaption><\/figure>\n\n\n\n<p>Konzepte f\u00fcr Gesch\u00e4ftsberichte<\/p>\n\n\n\n<figure class=\"wp-block-image size-large is-resized\"><img loading=\"lazy\" decoding=\"async\" src=\"https:\/\/neu.hemmedesign.de\/wp-content\/uploads\/2022\/12\/SAGA_APP-2-1-1024x683.jpg\" alt=\"\" class=\"wp-image-161\" width=\"305\" height=\"203\" srcset=\"https:\/\/neu.hemmedesign.de\/wp-content\/uploads\/2022\/12\/SAGA_APP-2-1-1024x683.jpg 1024w, https:\/\/neu.hemmedesign.de\/wp-content\/uploads\/2022\/12\/SAGA_APP-2-1-300x200.jpg 300w, https:\/\/neu.hemmedesign.de\/wp-content\/uploads\/2022\/12\/SAGA_APP-2-1-768x512.jpg 768w, https:\/\/neu.hemmedesign.de\/wp-content\/uploads\/2022\/12\/SAGA_APP-2-1-1080x720.jpg 1080w, https:\/\/neu.hemmedesign.de\/wp-content\/uploads\/2022\/12\/SAGA_APP-2-1.jpg 1476w\" sizes=\"auto, (max-width: 305px) 100vw, 305px\" \/><figcaption class=\"wp-element-caption\">Konzeptarbeit f\u00fcr SAGA Gesch\u00e4ftsbericht. Illustration \u00a9 Eva J\u00e4ger<\/figcaption><\/figure>\n","protected":false},"excerpt":{"rendered":"<p>\u2026 f\u00fcr Ihre kleinen und gro\u00dfen Projekte, f\u00fcr erste Skizzen zu Ihrer Gesch\u00e4ftsidee bis zur vielschichtigen Kommunikation Ihres Unternehmens. Mir ist wichtig, Ihren Zielen die passende Form und Optik zu verleihen, ob gedruckt oder digital. Gemeinsam mit Ihnen entwickle ich in einem konzentrierten Austausch die Strategie, die Sie und Ihr Unternehmen in seiner Einzigartigkeit zeigt,&hellip;<\/p>\n","protected":false},"author":1,"featured_media":0,"parent":0,"menu_order":0,"comment_status":"closed","ping_status":"closed","template":"","meta":{"footnotes":""},"class_list":["post-39","page","type-page","status-publish","hentry"],"_links":{"self":[{"href":"https:\/\/neu.hemmedesign.de\/index.php?rest_route=\/wp\/v2\/pages\/39","targetHints":{"allow":["GET"]}}],"collection":[{"href":"https:\/\/neu.hemmedesign.de\/index.php?rest_route=\/wp\/v2\/pages"}],"about":[{"href":"https:\/\/neu.hemmedesign.de\/index.php?rest_route=\/wp\/v2\/types\/page"}],"author":[{"embeddable":true,"href":"https:\/\/neu.hemmedesign.de\/index.php?rest_route=\/wp\/v2\/users\/1"}],"replies":[{"embeddable":true,"href":"https:\/\/neu.hemmedesign.de\/index.php?rest_route=%2Fwp%2Fv2%2Fcomments&post=39"}],"version-history":[{"count":54,"href":"https:\/\/neu.hemmedesign.de\/index.php?rest_route=\/wp\/v2\/pages\/39\/revisions"}],"predecessor-version":[{"id":387,"href":"https:\/\/neu.hemmedesign.de\/index.php?rest_route=\/wp\/v2\/pages\/39\/revisions\/387"}],"wp:attachment":[{"href":"https:\/\/neu.hemmedesign.de\/index.php?rest_route=%2Fwp%2Fv2%2Fmedia&parent=39"}],"curies":[{"name":"wp","href":"https:\/\/api.w.org\/{rel}","templated":true}]}}